{"id":11,"date":"2021-12-12T19:20:50","date_gmt":"2021-12-12T19:20:50","guid":{"rendered":"https:\/\/huszartphoto.hu\/?page_id=11"},"modified":"2021-12-29T22:35:41","modified_gmt":"2021-12-29T22:35:41","slug":"rolam","status":"publish","type":"page","link":"https:\/\/huszartphoto.hu\/index.php\/rolam\/","title":{"rendered":"R\u00f3lam"},"content":{"rendered":"<h5 style=\"text-align: center;\"><strong>M\u00e1r nagyj\u00e1b\u00f3l 12 \u00e9ves korom \u00f3ta foglalkozok a fot\u00f3z\u00e1ssal. Abban a szerencs\u00e9s helyzetben voltam, hogy gyerekk\u00e9nt megismerkedhettem a fot\u00f3z\u00e1s alapjaival (akkor m\u00e9g hagyom\u00e1nyos negat\u00edv- filmre fot\u00f3ztunk), illetve ezeknek a kidolgoz\u00e1s\u00e1val &#8211; filmel\u0151h\u00edv\u00e1s \u00e9s nagy\u00edt\u00e1s, hagyom\u00e1nyos s\u00f6t\u00e9tkamr\u00e1ban.<\/strong><\/h5>\n<p>&nbsp;<\/p>\n<h5 style=\"text-align: center;\"><strong>Term\u00e9szetesen az \u00e9rdekl\u0151d\u00e9sem csak tov\u00e1bb fokoz\u00f3dott a digit\u00e1lis technika megjelen\u00e9s\u00e9vel, folyamatosan igyekeztem k\u00e9pezni magam, naprak\u00e9sz tud\u00e1st szerezni, hogy a csal\u00e1domat \u00e9s az ismer\u0151seimet min\u00e9l l\u00e9legzetel\u00e1ll\u00edt\u00f3bb fot\u00f3kkal lephessem meg \u00fajra \u00e9s \u00fajra.<\/strong><\/h5>\n<h6 style=\"text-align: center;\">M\u00e1ra a hobbib\u00f3l hivat\u00e1s lett, \u00e9s boldog vagyok, ha min\u00e9l t\u00f6bb embernek csalhatok mosolyt az arc\u00e1ra, amikor az \u00e1ltalam meg\u00f6r\u00f6k\u00edtett eml\u00e9keket visszan\u00e9zik.<\/h6>\n<p><img fetchpriority=\"high\" decoding=\"async\" class=\"wp-image-339  aligncenter\" src=\"https:\/\/huszartphoto.hu\/wp-content\/uploads\/2021\/12\/20211229_212342-807x1024.jpg\" alt=\"\" width=\"457\" height=\"580\" srcset=\"https:\/\/huszartphoto.hu\/wp-content\/uploads\/2021\/12\/20211229_212342-807x1024.jpg 807w, https:\/\/huszartphoto.hu\/wp-content\/uploads\/2021\/12\/20211229_212342-237x300.jpg 237w, https:\/\/huszartphoto.hu\/wp-content\/uploads\/2021\/12\/20211229_212342-768x974.jpg 768w, https:\/\/huszartphoto.hu\/wp-content\/uploads\/2021\/12\/20211229_212342-1211x1536.jpg 1211w, https:\/\/huszartphoto.hu\/wp-content\/uploads\/2021\/12\/20211229_212342-1615x2048.jpg 1615w, https:\/\/huszartphoto.hu\/wp-content\/uploads\/2021\/12\/20211229_212342-scaled.jpg 2019w\" sizes=\"(max-width: 457px) 100vw, 457px\" \/><\/p>\n<h6 style=\"text-align: center;\"><em>K\u00e1lm\u00e1n<\/em><\/h6>\n","protected":false},"excerpt":{"rendered":"<p>M\u00e1r nagyj\u00e1b\u00f3l 12 \u00e9ves korom \u00f3ta foglalkozok a fot\u00f3z\u00e1ssal. Abban a szerencs\u00e9s helyzetben voltam, hogy gyerekk\u00e9nt megismerkedhettem a fot\u00f3z\u00e1s alapjaival (akkor m\u00e9g hagyom\u00e1nyos negat\u00edv- filmre fot\u00f3ztunk), illetve ezeknek a kidolgoz\u00e1s\u00e1val<\/p>\n<p class=\"more-link\"><a href=\"https:\/\/huszartphoto.hu\/index.php\/rolam\/\" class=\"readmore\">Continue reading<svg class=\"icon icon-arrow-right\" aria-hidden=\"true\" role=\"img\"> <use href=\"#icon-arrow-right\" xlink:href=\"#icon-arrow-right\"><\/use> <\/svg><span class=\"screen-reader-text\">R\u00f3lam<\/span><\/a><\/p>\n","protected":false},"author":1,"featured_media":0,"parent":0,"menu_order":0,"comment_status":"closed","ping_status":"closed","template":"","meta":{"om_disable_all_campaigns":false,"_monsterinsights_skip_tracking":false,"_monsterinsights_sitenote_active":false,"_monsterinsights_sitenote_note":"","_monsterinsights_sitenote_category":0,"footnotes":""},"class_list":["post-11","page","type-page","status-publish","hentry"],"aioseo_notices":[],"jetpack_sharing_enabled":true,"_links":{"self":[{"href":"https:\/\/huszartphoto.hu\/index.php\/wp-json\/wp\/v2\/pages\/11","targetHints":{"allow":["GET"]}}],"collection":[{"href":"https:\/\/huszartphoto.hu\/index.php\/wp-json\/wp\/v2\/pages"}],"about":[{"href":"https:\/\/huszartphoto.hu\/index.php\/wp-json\/wp\/v2\/types\/page"}],"author":[{"embeddable":true,"href":"https:\/\/huszartphoto.hu\/index.php\/wp-json\/wp\/v2\/users\/1"}],"replies":[{"embeddable":true,"href":"https:\/\/huszartphoto.hu\/index.php\/wp-json\/wp\/v2\/comments?post=11"}],"version-history":[{"count":4,"href":"https:\/\/huszartphoto.hu\/index.php\/wp-json\/wp\/v2\/pages\/11\/revisions"}],"predecessor-version":[{"id":340,"href":"https:\/\/huszartphoto.hu\/index.php\/wp-json\/wp\/v2\/pages\/11\/revisions\/340"}],"wp:attachment":[{"href":"https:\/\/huszartphoto.hu\/index.php\/wp-json\/wp\/v2\/media?parent=11"}],"curies":[{"name":"wp","href":"https:\/\/api.w.org\/{rel}","templated":true}]}}