{"id":2,"date":"2021-12-12T18:31:30","date_gmt":"2021-12-12T18:31:30","guid":{"rendered":"https:\/\/huszartphoto.hu\/?page_id=2"},"modified":"2022-01-04T19:45:55","modified_gmt":"2022-01-04T19:45:55","slug":"huszart","status":"publish","type":"page","link":"https:\/\/huszartphoto.hu\/","title":{"rendered":"\u00dcdv\u00f6z\u00f6llek a HuszArt Photography oldal\u00e1n!"},"content":{"rendered":"\t\t<div data-elementor-type=\"wp-page\" data-elementor-id=\"2\" class=\"elementor elementor-2\">\n\t\t\t\t\t\t<section class=\"elementor-section elementor-top-section elementor-element elementor-element-2013c1dd elementor-section-boxed elementor-section-height-default elementor-section-height-default\" data-id=\"2013c1dd\" data-element_type=\"section\" data-e-type=\"section\">\n\t\t\t\t\t\t<div class=\"elementor-container elementor-column-gap-default\">\n\t\t\t\t\t<div class=\"elementor-column elementor-col-100 elementor-top-column elementor-element elementor-element-29b46564\" data-id=\"29b46564\" data-element_type=\"column\" data-e-type=\"column\">\n\t\t\t<div class=\"elementor-widget-wrap elementor-element-populated\">\n\t\t\t\t\t\t<div class=\"elementor-element elementor-element-2db8b501 elementor-widget elementor-widget-text-editor\" data-id=\"2db8b501\" data-element_type=\"widget\" data-e-type=\"widget\" data-widget_type=\"text-editor.default\">\n\t\t\t\t<div class=\"elementor-widget-container\">\n\t\t\t\t\t\t\t\t\t<p><\/p>\n<h4>Fot\u00f3s szolg\u00e1ltat\u00e1sommal \u00e9rzelmeket \u00f6r\u00f6k\u00edtek meg Nektek, hogy az eml\u00e9kek is igaz\u00e1n \u00e9ljenek!&nbsp;<\/h4>\n<p style=\"text-align: center;\">Az \u00e9let &#8211; visszatekintve &#8211; p\u00e1r ezer eml\u00e9k \u00f6sszess\u00e9ge. Ezek k\u00f6z\u00fcl nagyon sok olyan akad, amire sz\u00edvesen eml\u00e9kez\u00fcnk vissza.<\/p>\n<p><\/p>\n<p><img fetchpriority=\"high\" decoding=\"async\" class=\"kismama fot\u00f3z\u00e1s aligncenter wp-image-64 size-large\" src=\"https:\/\/huszartphoto.hu\/wp-content\/uploads\/2021\/12\/DSC02697-683x1024.jpg\" alt=\"\" width=\"683\" height=\"1024\" srcset=\"https:\/\/huszartphoto.hu\/wp-content\/uploads\/2021\/12\/DSC02697-683x1024.jpg 683w, https:\/\/huszartphoto.hu\/wp-content\/uploads\/2021\/12\/DSC02697-200x300.jpg 200w, https:\/\/huszartphoto.hu\/wp-content\/uploads\/2021\/12\/DSC02697-768x1152.jpg 768w, https:\/\/huszartphoto.hu\/wp-content\/uploads\/2021\/12\/DSC02697-1024x1536.jpg 1024w, https:\/\/huszartphoto.hu\/wp-content\/uploads\/2021\/12\/DSC02697-1365x2048.jpg 1365w, https:\/\/huszartphoto.hu\/wp-content\/uploads\/2021\/12\/DSC02697-scaled.jpg 1706w\" sizes=\"(max-width: 683px) 100vw, 683px\" \/><\/p>\n<p style=\"text-align: center;\">Az eml\u00e9kekre mindenkinek sz\u00fcks\u00e9ge van, ezek seg\u00edtenek benn\u00fcnket jobb kedvvel \u00e1tv\u00e9szelni a gyakran olyan sz\u00fcrke h\u00e9tk\u00f6znapokat. Az \u00e9n hivat\u00e1som az, hogy ilyen eml\u00e9keket \u00f6r\u00f6k\u00edtsek meg, azokat a pillanatokat, amiket vissza n\u00e9zve ak\u00e1r 10-20 vagy m\u00e9g t\u00f6bb \u00e9v t\u00e1vlat\u00e1b\u00f3l is egy picit \u00fajra \u00e9litek azokat a bizonyos sz\u00e9p pillanatokat, \u00e9s mosollyal az arcokon oszthatj\u00e1tok meg ezeket a nektek kedves csal\u00e1dtagokkal illetve bar\u00e1tokkal. Legyen ez ak\u00e1r esk\u00fcv\u0151, gyermek\u00e1ld\u00e1s, egy kellemes d\u00e9lut\u00e1n a p\u00e1roddal (vagy a csal\u00e1ddal) valami sz\u00e9p helyen, esetleg p\u00e1r j\u00f3 portr\u00e9 kint a term\u00e9szetben, vagy st\u00fadi\u00f3ban fot\u00f3zva, fot\u00f3s szolg\u00e1ltat\u00e1sommal seg\u00edtek,hogy ezek mindig maradand\u00f3, sz\u00e9p eml\u00e9kek legyenek!<\/p>\n<p style=\"text-align: center;\">\n<\/p>\n<p><\/p>\n<blockquote class=\"wp-block-quote is-layout-flow wp-block-quote-is-layout-flow\">\n<p>Kis kincsek azok, amelyeken ez \u00e1ll: Itt vagyok<\/p>\n<p>Nagyobb kincsek azok, amelyeken ez \u00e1ll: Eml\u00e9kszel m\u00e9g?<\/p>\n<p>De a legszebb kincsek azok, amelyeken ez \u00e1ll majd: Itt voltam<span style=\"color: #7b7b7b;\"><span style=\"font-weight: 400;\">.<\/span><\/span><\/p>\n<\/blockquote>\n<p style=\"text-align: left;\">Herta M\u00fcller<\/p>\n<p><\/p>\t\t\t\t\t\t\t\t<\/div>\n\t\t\t\t<\/div>\n\t\t\t\t\t<\/div>\n\t\t<\/div>\n\t\t\t\t\t<\/div>\n\t\t<\/section>\n\t\t\t\t<\/div>\n\t\t","protected":false},"excerpt":{"rendered":"<p>Fot\u00f3s szolg\u00e1ltat\u00e1sommal \u00e9rzelmeket \u00f6r\u00f6k\u00edtek meg Nektek, hogy az eml\u00e9kek is igaz\u00e1n \u00e9ljenek!&nbsp; Az \u00e9let &#8211; visszatekintve &#8211; p\u00e1r ezer eml\u00e9k \u00f6sszess\u00e9ge. Ezek k\u00f6z\u00fcl nagyon sok olyan akad, amire sz\u00edvesen eml\u00e9kez\u00fcnk<\/p>\n<p class=\"more-link\"><a href=\"https:\/\/huszartphoto.hu\/\" class=\"readmore\">Continue reading<svg class=\"icon icon-arrow-right\" aria-hidden=\"true\" role=\"img\"> <use href=\"#icon-arrow-right\" xlink:href=\"#icon-arrow-right\"><\/use> <\/svg><span class=\"screen-reader-text\">\u00dcdv\u00f6z\u00f6llek a HuszArt Photography oldal\u00e1n!<\/span><\/a><\/p>\n","protected":false},"author":1,"featured_media":64,"parent":0,"menu_order":0,"comment_status":"closed","ping_status":"closed","template":"","meta":{"om_disable_all_campaigns":false,"_monsterinsights_skip_tracking":false,"_monsterinsights_sitenote_active":false,"_monsterinsights_sitenote_note":"","_monsterinsights_sitenote_category":0,"footnotes":""},"class_list":["post-2","page","type-page","status-publish","has-post-thumbnail","hentry"],"aioseo_notices":[],"jetpack_sharing_enabled":true,"_links":{"self":[{"href":"https:\/\/huszartphoto.hu\/index.php\/wp-json\/wp\/v2\/pages\/2","targetHints":{"allow":["GET"]}}],"collection":[{"href":"https:\/\/huszartphoto.hu\/index.php\/wp-json\/wp\/v2\/pages"}],"about":[{"href":"https:\/\/huszartphoto.hu\/index.php\/wp-json\/wp\/v2\/types\/page"}],"author":[{"embeddable":true,"href":"https:\/\/huszartphoto.hu\/index.php\/wp-json\/wp\/v2\/users\/1"}],"replies":[{"embeddable":true,"href":"https:\/\/huszartphoto.hu\/index.php\/wp-json\/wp\/v2\/comments?post=2"}],"version-history":[{"count":20,"href":"https:\/\/huszartphoto.hu\/index.php\/wp-json\/wp\/v2\/pages\/2\/revisions"}],"predecessor-version":[{"id":422,"href":"https:\/\/huszartphoto.hu\/index.php\/wp-json\/wp\/v2\/pages\/2\/revisions\/422"}],"wp:featuredmedia":[{"embeddable":true,"href":"https:\/\/huszartphoto.hu\/index.php\/wp-json\/wp\/v2\/media\/64"}],"wp:attachment":[{"href":"https:\/\/huszartphoto.hu\/index.php\/wp-json\/wp\/v2\/media?parent=2"}],"curies":[{"name":"wp","href":"https:\/\/api.w.org\/{rel}","templated":true}]}}