{"id":383,"date":"2021-12-30T18:29:12","date_gmt":"2021-12-30T18:29:12","guid":{"rendered":"https:\/\/huszartphoto.hu\/?page_id=383"},"modified":"2022-02-05T19:15:39","modified_gmt":"2022-02-05T19:15:39","slug":"ujszulott-fotozas","status":"publish","type":"page","link":"https:\/\/huszartphoto.hu\/index.php\/ujszulott-fotozas\/","title":{"rendered":"\u00dajsz\u00fcl\u00f6tt fot\u00f3z\u00e1s"},"content":{"rendered":"\t\t<div data-elementor-type=\"wp-page\" data-elementor-id=\"383\" class=\"elementor elementor-383\">\n\t\t\t\t\t\t<section class=\"elementor-section elementor-top-section elementor-element elementor-element-3065315 elementor-section-boxed elementor-section-height-default elementor-section-height-default\" data-id=\"3065315\" data-element_type=\"section\" data-e-type=\"section\">\n\t\t\t\t\t\t<div class=\"elementor-container elementor-column-gap-default\">\n\t\t\t\t\t<div class=\"elementor-column elementor-col-100 elementor-top-column elementor-element elementor-element-7e89a43\" data-id=\"7e89a43\" data-element_type=\"column\" data-e-type=\"column\">\n\t\t\t<div class=\"elementor-widget-wrap elementor-element-populated\">\n\t\t\t\t\t\t<div class=\"elementor-element elementor-element-aa1079c gallery-spacing-custom elementor-widget elementor-widget-image-gallery\" data-id=\"aa1079c\" data-element_type=\"widget\" data-e-type=\"widget\" data-widget_type=\"image-gallery.default\">\n\t\t\t\t<div class=\"elementor-widget-container\">\n\t\t\t\t\t\t\t<div class=\"elementor-image-gallery\">\n\t\t\t<div id='gallery-1' class='gallery galleryid-383 gallery-columns-2 gallery-size-2048x2048'><figure class='gallery-item'>\n\t\t\t<div class='gallery-icon landscape'>\n\t\t\t\t<a data-elementor-open-lightbox=\"yes\" data-elementor-lightbox-slideshow=\"aa1079c\" data-e-action-hash=\"#elementor-action%3Aaction%3Dlightbox%26settings%3DeyJpZCI6NDMzLCJ1cmwiOiJodHRwczpcL1wvaHVzemFydHBob3RvLmh1XC93cC1jb250ZW50XC91cGxvYWRzXC8yMDIyXC8wMlwvRFNDMDU1OTktc2NhbGVkLmpwZyIsInNsaWRlc2hvdyI6ImFhMTA3OWMifQ%3D%3D\" href='https:\/\/huszartphoto.hu\/wp-content\/uploads\/2022\/02\/DSC05599-scaled.jpg'><img fetchpriority=\"high\" decoding=\"async\" width=\"2048\" height=\"1365\" src=\"https:\/\/huszartphoto.hu\/wp-content\/uploads\/2022\/02\/DSC05599-2048x1365.jpg\" class=\"attachment-2048x2048 size-2048x2048\" alt=\"Fot\u00f3s szolg\u00e1ltat\u00e1s \u00fajsz\u00fcl\u00f6tt fot\u00f3z\u00e1s\" srcset=\"https:\/\/huszartphoto.hu\/wp-content\/uploads\/2022\/02\/DSC05599-2048x1365.jpg 2048w, https:\/\/huszartphoto.hu\/wp-content\/uploads\/2022\/02\/DSC05599-300x200.jpg 300w, https:\/\/huszartphoto.hu\/wp-content\/uploads\/2022\/02\/DSC05599-1024x683.jpg 1024w, https:\/\/huszartphoto.hu\/wp-content\/uploads\/2022\/02\/DSC05599-768x512.jpg 768w, https:\/\/huszartphoto.hu\/wp-content\/uploads\/2022\/02\/DSC05599-1536x1024.jpg 1536w\" sizes=\"(max-width: 2048px) 100vw, 2048px\" \/><\/a>\n\t\t\t<\/div><\/figure><figure class='gallery-item'>\n\t\t\t<div class='gallery-icon landscape'>\n\t\t\t\t<a data-elementor-open-lightbox=\"yes\" data-elementor-lightbox-slideshow=\"aa1079c\" data-e-action-hash=\"#elementor-action%3Aaction%3Dlightbox%26settings%3DeyJpZCI6NDM1LCJ1cmwiOiJodHRwczpcL1wvaHVzemFydHBob3RvLmh1XC93cC1jb250ZW50XC91cGxvYWRzXC8yMDIyXC8wMlwvRFNDMDU2MDUtc2NhbGVkLmpwZyIsInNsaWRlc2hvdyI6ImFhMTA3OWMifQ%3D%3D\" href='https:\/\/huszartphoto.hu\/wp-content\/uploads\/2022\/02\/DSC05605-scaled.jpg'><img decoding=\"async\" width=\"2048\" height=\"1365\" src=\"https:\/\/huszartphoto.hu\/wp-content\/uploads\/2022\/02\/DSC05605-2048x1365.jpg\" class=\"attachment-2048x2048 size-2048x2048\" alt=\"Fot\u00f3s szolg\u00e1ltat\u00e1s \u00fajsz\u00fcl\u00f6tt fot\u00f3z\u00e1s\" srcset=\"https:\/\/huszartphoto.hu\/wp-content\/uploads\/2022\/02\/DSC05605-2048x1365.jpg 2048w, https:\/\/huszartphoto.hu\/wp-content\/uploads\/2022\/02\/DSC05605-300x200.jpg 300w, https:\/\/huszartphoto.hu\/wp-content\/uploads\/2022\/02\/DSC05605-1024x683.jpg 1024w, https:\/\/huszartphoto.hu\/wp-content\/uploads\/2022\/02\/DSC05605-768x512.jpg 768w, https:\/\/huszartphoto.hu\/wp-content\/uploads\/2022\/02\/DSC05605-1536x1024.jpg 1536w\" sizes=\"(max-width: 2048px) 100vw, 2048px\" \/><\/a>\n\t\t\t<\/div><\/figure><figure class='gallery-item'>\n\t\t\t<div class='gallery-icon landscape'>\n\t\t\t\t<a data-elementor-open-lightbox=\"yes\" data-elementor-lightbox-slideshow=\"aa1079c\" data-e-action-hash=\"#elementor-action%3Aaction%3Dlightbox%26settings%3DeyJpZCI6NDM2LCJ1cmwiOiJodHRwczpcL1wvaHVzemFydHBob3RvLmh1XC93cC1jb250ZW50XC91cGxvYWRzXC8yMDIyXC8wMlwvRFNDMDU2MTEtc2NhbGVkLmpwZyIsInNsaWRlc2hvdyI6ImFhMTA3OWMifQ%3D%3D\" href='https:\/\/huszartphoto.hu\/wp-content\/uploads\/2022\/02\/DSC05611-scaled.jpg'><img decoding=\"async\" width=\"2048\" height=\"1365\" src=\"https:\/\/huszartphoto.hu\/wp-content\/uploads\/2022\/02\/DSC05611-2048x1365.jpg\" class=\"attachment-2048x2048 size-2048x2048\" alt=\"Fot\u00f3s szolg\u00e1ltat\u00e1s \u00fajsz\u00fcl\u00f6tt fot\u00f3z\u00e1s\" srcset=\"https:\/\/huszartphoto.hu\/wp-content\/uploads\/2022\/02\/DSC05611-2048x1365.jpg 2048w, https:\/\/huszartphoto.hu\/wp-content\/uploads\/2022\/02\/DSC05611-300x200.jpg 300w, https:\/\/huszartphoto.hu\/wp-content\/uploads\/2022\/02\/DSC05611-1024x683.jpg 1024w, https:\/\/huszartphoto.hu\/wp-content\/uploads\/2022\/02\/DSC05611-768x512.jpg 768w, https:\/\/huszartphoto.hu\/wp-content\/uploads\/2022\/02\/DSC05611-1536x1024.jpg 1536w\" sizes=\"(max-width: 2048px) 100vw, 2048px\" \/><\/a>\n\t\t\t<\/div><\/figure><figure class='gallery-item'>\n\t\t\t<div class='gallery-icon landscape'>\n\t\t\t\t<a data-elementor-open-lightbox=\"yes\" data-elementor-lightbox-slideshow=\"aa1079c\" data-e-action-hash=\"#elementor-action%3Aaction%3Dlightbox%26settings%3DeyJpZCI6NDM3LCJ1cmwiOiJodHRwczpcL1wvaHVzemFydHBob3RvLmh1XC93cC1jb250ZW50XC91cGxvYWRzXC8yMDIyXC8wMlwvRFNDMDU2MTktc2NhbGVkLmpwZyIsInNsaWRlc2hvdyI6ImFhMTA3OWMifQ%3D%3D\" href='https:\/\/huszartphoto.hu\/wp-content\/uploads\/2022\/02\/DSC05619-scaled.jpg'><img loading=\"lazy\" decoding=\"async\" width=\"2048\" height=\"1365\" src=\"https:\/\/huszartphoto.hu\/wp-content\/uploads\/2022\/02\/DSC05619-2048x1365.jpg\" class=\"attachment-2048x2048 size-2048x2048\" alt=\"Fot\u00f3s szolg\u00e1ltat\u00e1s \u00fajsz\u00fcl\u00f6tt fot\u00f3z\u00e1s\" srcset=\"https:\/\/huszartphoto.hu\/wp-content\/uploads\/2022\/02\/DSC05619-2048x1365.jpg 2048w, https:\/\/huszartphoto.hu\/wp-content\/uploads\/2022\/02\/DSC05619-300x200.jpg 300w, https:\/\/huszartphoto.hu\/wp-content\/uploads\/2022\/02\/DSC05619-1024x683.jpg 1024w, https:\/\/huszartphoto.hu\/wp-content\/uploads\/2022\/02\/DSC05619-768x512.jpg 768w, https:\/\/huszartphoto.hu\/wp-content\/uploads\/2022\/02\/DSC05619-1536x1024.jpg 1536w\" sizes=\"(max-width: 2048px) 100vw, 2048px\" \/><\/a>\n\t\t\t<\/div><\/figure><figure class='gallery-item'>\n\t\t\t<div class='gallery-icon landscape'>\n\t\t\t\t<a data-elementor-open-lightbox=\"yes\" data-elementor-lightbox-slideshow=\"aa1079c\" data-e-action-hash=\"#elementor-action%3Aaction%3Dlightbox%26settings%3DeyJpZCI6NDM4LCJ1cmwiOiJodHRwczpcL1wvaHVzemFydHBob3RvLmh1XC93cC1jb250ZW50XC91cGxvYWRzXC8yMDIyXC8wMlwvRFNDMDU2MjEtc2NhbGVkLmpwZyIsInNsaWRlc2hvdyI6ImFhMTA3OWMifQ%3D%3D\" href='https:\/\/huszartphoto.hu\/wp-content\/uploads\/2022\/02\/DSC05621-scaled.jpg'><img loading=\"lazy\" decoding=\"async\" width=\"2048\" height=\"1365\" src=\"https:\/\/huszartphoto.hu\/wp-content\/uploads\/2022\/02\/DSC05621-2048x1365.jpg\" class=\"attachment-2048x2048 size-2048x2048\" alt=\"Fot\u00f3s szolg\u00e1ltat\u00e1s \u00fajsz\u00fcl\u00f6tt fot\u00f3z\u00e1s\" srcset=\"https:\/\/huszartphoto.hu\/wp-content\/uploads\/2022\/02\/DSC05621-2048x1365.jpg 2048w, https:\/\/huszartphoto.hu\/wp-content\/uploads\/2022\/02\/DSC05621-300x200.jpg 300w, https:\/\/huszartphoto.hu\/wp-content\/uploads\/2022\/02\/DSC05621-1024x683.jpg 1024w, https:\/\/huszartphoto.hu\/wp-content\/uploads\/2022\/02\/DSC05621-768x512.jpg 768w, https:\/\/huszartphoto.hu\/wp-content\/uploads\/2022\/02\/DSC05621-1536x1024.jpg 1536w\" sizes=\"(max-width: 2048px) 100vw, 2048px\" \/><\/a>\n\t\t\t<\/div><\/figure><figure class='gallery-item'>\n\t\t\t<div class='gallery-icon landscape'>\n\t\t\t\t<a data-elementor-open-lightbox=\"yes\" data-elementor-lightbox-slideshow=\"aa1079c\" data-e-action-hash=\"#elementor-action%3Aaction%3Dlightbox%26settings%3DeyJpZCI6NDM5LCJ1cmwiOiJodHRwczpcL1wvaHVzemFydHBob3RvLmh1XC93cC1jb250ZW50XC91cGxvYWRzXC8yMDIyXC8wMlwvRFNDMDU2MzItc2NhbGVkLmpwZyIsInNsaWRlc2hvdyI6ImFhMTA3OWMifQ%3D%3D\" href='https:\/\/huszartphoto.hu\/wp-content\/uploads\/2022\/02\/DSC05632-scaled.jpg'><img loading=\"lazy\" decoding=\"async\" width=\"2048\" height=\"1365\" src=\"https:\/\/huszartphoto.hu\/wp-content\/uploads\/2022\/02\/DSC05632-2048x1365.jpg\" class=\"attachment-2048x2048 size-2048x2048\" alt=\"Fot\u00f3s szolg\u00e1ltat\u00e1s \u00fajsz\u00fcl\u00f6tt fot\u00f3z\u00e1s\" srcset=\"https:\/\/huszartphoto.hu\/wp-content\/uploads\/2022\/02\/DSC05632-2048x1365.jpg 2048w, https:\/\/huszartphoto.hu\/wp-content\/uploads\/2022\/02\/DSC05632-300x200.jpg 300w, https:\/\/huszartphoto.hu\/wp-content\/uploads\/2022\/02\/DSC05632-1024x683.jpg 1024w, https:\/\/huszartphoto.hu\/wp-content\/uploads\/2022\/02\/DSC05632-768x512.jpg 768w, https:\/\/huszartphoto.hu\/wp-content\/uploads\/2022\/02\/DSC05632-1536x1024.jpg 1536w\" sizes=\"(max-width: 2048px) 100vw, 2048px\" \/><\/a>\n\t\t\t<\/div><\/figure><figure class='gallery-item'>\n\t\t\t<div class='gallery-icon landscape'>\n\t\t\t\t<a data-elementor-open-lightbox=\"yes\" data-elementor-lightbox-slideshow=\"aa1079c\" data-e-action-hash=\"#elementor-action%3Aaction%3Dlightbox%26settings%3DeyJpZCI6NDQwLCJ1cmwiOiJodHRwczpcL1wvaHVzemFydHBob3RvLmh1XC93cC1jb250ZW50XC91cGxvYWRzXC8yMDIyXC8wMlwvRFNDMDU2MzUtc2NhbGVkLmpwZyIsInNsaWRlc2hvdyI6ImFhMTA3OWMifQ%3D%3D\" href='https:\/\/huszartphoto.hu\/wp-content\/uploads\/2022\/02\/DSC05635-scaled.jpg'><img loading=\"lazy\" decoding=\"async\" width=\"2048\" height=\"1365\" src=\"https:\/\/huszartphoto.hu\/wp-content\/uploads\/2022\/02\/DSC05635-2048x1365.jpg\" class=\"attachment-2048x2048 size-2048x2048\" alt=\"Fot\u00f3s szolg\u00e1ltat\u00e1s \u00fajsz\u00fcl\u00f6tt fot\u00f3z\u00e1s\" srcset=\"https:\/\/huszartphoto.hu\/wp-content\/uploads\/2022\/02\/DSC05635-2048x1365.jpg 2048w, https:\/\/huszartphoto.hu\/wp-content\/uploads\/2022\/02\/DSC05635-300x200.jpg 300w, https:\/\/huszartphoto.hu\/wp-content\/uploads\/2022\/02\/DSC05635-1024x683.jpg 1024w, https:\/\/huszartphoto.hu\/wp-content\/uploads\/2022\/02\/DSC05635-768x512.jpg 768w, https:\/\/huszartphoto.hu\/wp-content\/uploads\/2022\/02\/DSC05635-1536x1024.jpg 1536w\" sizes=\"(max-width: 2048px) 100vw, 2048px\" \/><\/a>\n\t\t\t<\/div><\/figure><figure class='gallery-item'>\n\t\t\t<div class='gallery-icon landscape'>\n\t\t\t\t<a data-elementor-open-lightbox=\"yes\" data-elementor-lightbox-slideshow=\"aa1079c\" data-e-action-hash=\"#elementor-action%3Aaction%3Dlightbox%26settings%3DeyJpZCI6NDMyLCJ1cmwiOiJodHRwczpcL1wvaHVzemFydHBob3RvLmh1XC93cC1jb250ZW50XC91cGxvYWRzXC8yMDIyXC8wMlwvRFNDMDU2MzYtc2NhbGVkLmpwZyIsInNsaWRlc2hvdyI6ImFhMTA3OWMifQ%3D%3D\" href='https:\/\/huszartphoto.hu\/wp-content\/uploads\/2022\/02\/DSC05636-scaled.jpg'><img loading=\"lazy\" decoding=\"async\" width=\"2048\" height=\"1365\" src=\"https:\/\/huszartphoto.hu\/wp-content\/uploads\/2022\/02\/DSC05636-2048x1365.jpg\" class=\"attachment-2048x2048 size-2048x2048\" alt=\"Fot\u00f3s szolg\u00e1ltat\u00e1s \u00fajsz\u00fcl\u00f6tt fot\u00f3z\u00e1s\" srcset=\"https:\/\/huszartphoto.hu\/wp-content\/uploads\/2022\/02\/DSC05636-2048x1365.jpg 2048w, https:\/\/huszartphoto.hu\/wp-content\/uploads\/2022\/02\/DSC05636-300x200.jpg 300w, https:\/\/huszartphoto.hu\/wp-content\/uploads\/2022\/02\/DSC05636-1024x683.jpg 1024w, https:\/\/huszartphoto.hu\/wp-content\/uploads\/2022\/02\/DSC05636-768x512.jpg 768w, https:\/\/huszartphoto.hu\/wp-content\/uploads\/2022\/02\/DSC05636-1536x1024.jpg 1536w\" sizes=\"(max-width: 2048px) 100vw, 2048px\" \/><\/a>\n\t\t\t<\/div><\/figure><figure class='gallery-item'>\n\t\t\t<div class='gallery-icon portrait'>\n\t\t\t\t<a data-elementor-open-lightbox=\"yes\" data-elementor-lightbox-slideshow=\"aa1079c\" data-e-action-hash=\"#elementor-action%3Aaction%3Dlightbox%26settings%3DeyJpZCI6NDY3LCJ1cmwiOiJodHRwczpcL1wvaHVzemFydHBob3RvLmh1XC93cC1jb250ZW50XC91cGxvYWRzXC8yMDIyXC8wMlwvRFNDMDU2OTUtc2NhbGVkLmpwZyIsInNsaWRlc2hvdyI6ImFhMTA3OWMifQ%3D%3D\" href='https:\/\/huszartphoto.hu\/wp-content\/uploads\/2022\/02\/DSC05695-scaled.jpg'><img loading=\"lazy\" decoding=\"async\" width=\"1365\" height=\"2048\" src=\"https:\/\/huszartphoto.hu\/wp-content\/uploads\/2022\/02\/DSC05695-1365x2048.jpg\" class=\"attachment-2048x2048 size-2048x2048\" alt=\"#babafot\u00f3z\u00e1s #\u00fajsz\u00fcl\u00f6tt fot\u00f3z\u00e1s\" srcset=\"https:\/\/huszartphoto.hu\/wp-content\/uploads\/2022\/02\/DSC05695-1365x2048.jpg 1365w, https:\/\/huszartphoto.hu\/wp-content\/uploads\/2022\/02\/DSC05695-200x300.jpg 200w, https:\/\/huszartphoto.hu\/wp-content\/uploads\/2022\/02\/DSC05695-683x1024.jpg 683w, https:\/\/huszartphoto.hu\/wp-content\/uploads\/2022\/02\/DSC05695-768x1152.jpg 768w, https:\/\/huszartphoto.hu\/wp-content\/uploads\/2022\/02\/DSC05695-1024x1536.jpg 1024w, https:\/\/huszartphoto.hu\/wp-content\/uploads\/2022\/02\/DSC05695-scaled.jpg 1707w\" sizes=\"(max-width: 1365px) 100vw, 1365px\" \/><\/a>\n\t\t\t<\/div><\/figure><figure class='gallery-item'>\n\t\t\t<div class='gallery-icon portrait'>\n\t\t\t\t<a data-elementor-open-lightbox=\"yes\" data-elementor-lightbox-slideshow=\"aa1079c\" data-e-action-hash=\"#elementor-action%3Aaction%3Dlightbox%26settings%3DeyJpZCI6NDY4LCJ1cmwiOiJodHRwczpcL1wvaHVzemFydHBob3RvLmh1XC93cC1jb250ZW50XC91cGxvYWRzXC8yMDIyXC8wMlwvRFNDMDU2OTktc2NhbGVkLmpwZyIsInNsaWRlc2hvdyI6ImFhMTA3OWMifQ%3D%3D\" href='https:\/\/huszartphoto.hu\/wp-content\/uploads\/2022\/02\/DSC05699-scaled.jpg'><img loading=\"lazy\" decoding=\"async\" width=\"1365\" height=\"2048\" src=\"https:\/\/huszartphoto.hu\/wp-content\/uploads\/2022\/02\/DSC05699-1365x2048.jpg\" class=\"attachment-2048x2048 size-2048x2048\" alt=\"#babafot\u00f3z\u00e1s #\u00fajsz\u00fcl\u00f6tt fot\u00f3z\u00e1s\" srcset=\"https:\/\/huszartphoto.hu\/wp-content\/uploads\/2022\/02\/DSC05699-1365x2048.jpg 1365w, https:\/\/huszartphoto.hu\/wp-content\/uploads\/2022\/02\/DSC05699-200x300.jpg 200w, https:\/\/huszartphoto.hu\/wp-content\/uploads\/2022\/02\/DSC05699-683x1024.jpg 683w, https:\/\/huszartphoto.hu\/wp-content\/uploads\/2022\/02\/DSC05699-768x1152.jpg 768w, https:\/\/huszartphoto.hu\/wp-content\/uploads\/2022\/02\/DSC05699-1024x1536.jpg 1024w, https:\/\/huszartphoto.hu\/wp-content\/uploads\/2022\/02\/DSC05699-scaled.jpg 1707w\" sizes=\"(max-width: 1365px) 100vw, 1365px\" \/><\/a>\n\t\t\t<\/div><\/figure><figure class='gallery-item'>\n\t\t\t<div class='gallery-icon portrait'>\n\t\t\t\t<a data-elementor-open-lightbox=\"yes\" data-elementor-lightbox-slideshow=\"aa1079c\" data-e-action-hash=\"#elementor-action%3Aaction%3Dlightbox%26settings%3DeyJpZCI6NDY5LCJ1cmwiOiJodHRwczpcL1wvaHVzemFydHBob3RvLmh1XC93cC1jb250ZW50XC91cGxvYWRzXC8yMDIyXC8wMlwvRFNDMDU2NTAtc2NhbGVkLmpwZyIsInNsaWRlc2hvdyI6ImFhMTA3OWMifQ%3D%3D\" href='https:\/\/huszartphoto.hu\/wp-content\/uploads\/2022\/02\/DSC05650-scaled.jpg'><img loading=\"lazy\" decoding=\"async\" width=\"1365\" height=\"2048\" src=\"https:\/\/huszartphoto.hu\/wp-content\/uploads\/2022\/02\/DSC05650-1365x2048.jpg\" class=\"attachment-2048x2048 size-2048x2048\" alt=\"#babafot\u00f3z\u00e1s #\u00fajsz\u00fcl\u00f6tt fot\u00f3z\u00e1s\" srcset=\"https:\/\/huszartphoto.hu\/wp-content\/uploads\/2022\/02\/DSC05650-1365x2048.jpg 1365w, https:\/\/huszartphoto.hu\/wp-content\/uploads\/2022\/02\/DSC05650-200x300.jpg 200w, https:\/\/huszartphoto.hu\/wp-content\/uploads\/2022\/02\/DSC05650-683x1024.jpg 683w, https:\/\/huszartphoto.hu\/wp-content\/uploads\/2022\/02\/DSC05650-768x1152.jpg 768w, https:\/\/huszartphoto.hu\/wp-content\/uploads\/2022\/02\/DSC05650-1024x1536.jpg 1024w, https:\/\/huszartphoto.hu\/wp-content\/uploads\/2022\/02\/DSC05650-scaled.jpg 1707w\" sizes=\"(max-width: 1365px) 100vw, 1365px\" \/><\/a>\n\t\t\t<\/div><\/figure><figure class='gallery-item'>\n\t\t\t<div class='gallery-icon portrait'>\n\t\t\t\t<a data-elementor-open-lightbox=\"yes\" data-elementor-lightbox-slideshow=\"aa1079c\" data-e-action-hash=\"#elementor-action%3Aaction%3Dlightbox%26settings%3DeyJpZCI6NDcwLCJ1cmwiOiJodHRwczpcL1wvaHVzemFydHBob3RvLmh1XC93cC1jb250ZW50XC91cGxvYWRzXC8yMDIyXC8wMlwvRFNDMDU2NTYtc2NhbGVkLmpwZyIsInNsaWRlc2hvdyI6ImFhMTA3OWMifQ%3D%3D\" href='https:\/\/huszartphoto.hu\/wp-content\/uploads\/2022\/02\/DSC05656-scaled.jpg'><img loading=\"lazy\" decoding=\"async\" width=\"1365\" height=\"2048\" src=\"https:\/\/huszartphoto.hu\/wp-content\/uploads\/2022\/02\/DSC05656-1365x2048.jpg\" class=\"attachment-2048x2048 size-2048x2048\" alt=\"#babafot\u00f3z\u00e1s #\u00fajsz\u00fcl\u00f6tt fot\u00f3z\u00e1s\" srcset=\"https:\/\/huszartphoto.hu\/wp-content\/uploads\/2022\/02\/DSC05656-1365x2048.jpg 1365w, https:\/\/huszartphoto.hu\/wp-content\/uploads\/2022\/02\/DSC05656-200x300.jpg 200w, https:\/\/huszartphoto.hu\/wp-content\/uploads\/2022\/02\/DSC05656-683x1024.jpg 683w, https:\/\/huszartphoto.hu\/wp-content\/uploads\/2022\/02\/DSC05656-768x1152.jpg 768w, https:\/\/huszartphoto.hu\/wp-content\/uploads\/2022\/02\/DSC05656-1024x1536.jpg 1024w, https:\/\/huszartphoto.hu\/wp-content\/uploads\/2022\/02\/DSC05656-scaled.jpg 1707w\" sizes=\"(max-width: 1365px) 100vw, 1365px\" \/><\/a>\n\t\t\t<\/div><\/figure><figure class='gallery-item'>\n\t\t\t<div class='gallery-icon landscape'>\n\t\t\t\t<a data-elementor-open-lightbox=\"yes\" data-elementor-lightbox-slideshow=\"aa1079c\" data-e-action-hash=\"#elementor-action%3Aaction%3Dlightbox%26settings%3DeyJpZCI6NDcxLCJ1cmwiOiJodHRwczpcL1wvaHVzemFydHBob3RvLmh1XC93cC1jb250ZW50XC91cGxvYWRzXC8yMDIyXC8wMlwvRFNDMDU2NjUtc2NhbGVkLmpwZyIsInNsaWRlc2hvdyI6ImFhMTA3OWMifQ%3D%3D\" href='https:\/\/huszartphoto.hu\/wp-content\/uploads\/2022\/02\/DSC05665-scaled.jpg'><img loading=\"lazy\" decoding=\"async\" width=\"2048\" height=\"1366\" src=\"https:\/\/huszartphoto.hu\/wp-content\/uploads\/2022\/02\/DSC05665-2048x1366.jpg\" class=\"attachment-2048x2048 size-2048x2048\" alt=\"#babafot\u00f3z\u00e1s #\u00fajsz\u00fcl\u00f6tt fot\u00f3z\u00e1s\" srcset=\"https:\/\/huszartphoto.hu\/wp-content\/uploads\/2022\/02\/DSC05665-2048x1366.jpg 2048w, https:\/\/huszartphoto.hu\/wp-content\/uploads\/2022\/02\/DSC05665-300x200.jpg 300w, https:\/\/huszartphoto.hu\/wp-content\/uploads\/2022\/02\/DSC05665-1024x683.jpg 1024w, https:\/\/huszartphoto.hu\/wp-content\/uploads\/2022\/02\/DSC05665-768x512.jpg 768w, https:\/\/huszartphoto.hu\/wp-content\/uploads\/2022\/02\/DSC05665-1536x1024.jpg 1536w\" sizes=\"(max-width: 2048px) 100vw, 2048px\" \/><\/a>\n\t\t\t<\/div><\/figure><figure class='gallery-item'>\n\t\t\t<div class='gallery-icon landscape'>\n\t\t\t\t<a data-elementor-open-lightbox=\"yes\" data-elementor-lightbox-slideshow=\"aa1079c\" data-e-action-hash=\"#elementor-action%3Aaction%3Dlightbox%26settings%3DeyJpZCI6NDcyLCJ1cmwiOiJodHRwczpcL1wvaHVzemFydHBob3RvLmh1XC93cC1jb250ZW50XC91cGxvYWRzXC8yMDIyXC8wMlwvRFNDMDU2NzItc2NhbGVkLmpwZyIsInNsaWRlc2hvdyI6ImFhMTA3OWMifQ%3D%3D\" href='https:\/\/huszartphoto.hu\/wp-content\/uploads\/2022\/02\/DSC05672-scaled.jpg'><img loading=\"lazy\" decoding=\"async\" width=\"2048\" height=\"1365\" src=\"https:\/\/huszartphoto.hu\/wp-content\/uploads\/2022\/02\/DSC05672-2048x1365.jpg\" class=\"attachment-2048x2048 size-2048x2048\" alt=\"#babafot\u00f3z\u00e1s #\u00fajsz\u00fcl\u00f6tt fot\u00f3z\u00e1s\" srcset=\"https:\/\/huszartphoto.hu\/wp-content\/uploads\/2022\/02\/DSC05672-2048x1365.jpg 2048w, https:\/\/huszartphoto.hu\/wp-content\/uploads\/2022\/02\/DSC05672-300x200.jpg 300w, https:\/\/huszartphoto.hu\/wp-content\/uploads\/2022\/02\/DSC05672-1024x683.jpg 1024w, https:\/\/huszartphoto.hu\/wp-content\/uploads\/2022\/02\/DSC05672-768x512.jpg 768w, https:\/\/huszartphoto.hu\/wp-content\/uploads\/2022\/02\/DSC05672-1536x1024.jpg 1536w\" sizes=\"(max-width: 2048px) 100vw, 2048px\" \/><\/a>\n\t\t\t<\/div><\/figure><figure class='gallery-item'>\n\t\t\t<div class='gallery-icon landscape'>\n\t\t\t\t<a data-elementor-open-lightbox=\"yes\" data-elementor-lightbox-slideshow=\"aa1079c\" data-e-action-hash=\"#elementor-action%3Aaction%3Dlightbox%26settings%3DeyJpZCI6NDczLCJ1cmwiOiJodHRwczpcL1wvaHVzemFydHBob3RvLmh1XC93cC1jb250ZW50XC91cGxvYWRzXC8yMDIyXC8wMlwvRFNDMDU2NzMtc2NhbGVkLmpwZyIsInNsaWRlc2hvdyI6ImFhMTA3OWMifQ%3D%3D\" href='https:\/\/huszartphoto.hu\/wp-content\/uploads\/2022\/02\/DSC05673-scaled.jpg'><img loading=\"lazy\" decoding=\"async\" width=\"2048\" height=\"1365\" src=\"https:\/\/huszartphoto.hu\/wp-content\/uploads\/2022\/02\/DSC05673-2048x1365.jpg\" class=\"attachment-2048x2048 size-2048x2048\" alt=\"#babafot\u00f3z\u00e1s #\u00fajsz\u00fcl\u00f6tt fot\u00f3z\u00e1s\" srcset=\"https:\/\/huszartphoto.hu\/wp-content\/uploads\/2022\/02\/DSC05673-2048x1365.jpg 2048w, https:\/\/huszartphoto.hu\/wp-content\/uploads\/2022\/02\/DSC05673-300x200.jpg 300w, https:\/\/huszartphoto.hu\/wp-content\/uploads\/2022\/02\/DSC05673-1024x683.jpg 1024w, https:\/\/huszartphoto.hu\/wp-content\/uploads\/2022\/02\/DSC05673-768x512.jpg 768w, https:\/\/huszartphoto.hu\/wp-content\/uploads\/2022\/02\/DSC05673-1536x1024.jpg 1536w\" sizes=\"(max-width: 2048px) 100vw, 2048px\" \/><\/a>\n\t\t\t<\/div><\/figure><figure class='gallery-item'>\n\t\t\t<div class='gallery-icon landscape'>\n\t\t\t\t<a data-elementor-open-lightbox=\"yes\" data-elementor-lightbox-slideshow=\"aa1079c\" data-e-action-hash=\"#elementor-action%3Aaction%3Dlightbox%26settings%3DeyJpZCI6NDc0LCJ1cmwiOiJodHRwczpcL1wvaHVzemFydHBob3RvLmh1XC93cC1jb250ZW50XC91cGxvYWRzXC8yMDIyXC8wMlwvRFNDMDU2ODItc2NhbGVkLmpwZyIsInNsaWRlc2hvdyI6ImFhMTA3OWMifQ%3D%3D\" href='https:\/\/huszartphoto.hu\/wp-content\/uploads\/2022\/02\/DSC05682-scaled.jpg'><img loading=\"lazy\" decoding=\"async\" width=\"2048\" height=\"1366\" src=\"https:\/\/huszartphoto.hu\/wp-content\/uploads\/2022\/02\/DSC05682-2048x1366.jpg\" class=\"attachment-2048x2048 size-2048x2048\" alt=\"#babafot\u00f3z\u00e1s #\u00fajsz\u00fcl\u00f6tt fot\u00f3z\u00e1s\" srcset=\"https:\/\/huszartphoto.hu\/wp-content\/uploads\/2022\/02\/DSC05682-2048x1366.jpg 2048w, https:\/\/huszartphoto.hu\/wp-content\/uploads\/2022\/02\/DSC05682-300x200.jpg 300w, https:\/\/huszartphoto.hu\/wp-content\/uploads\/2022\/02\/DSC05682-1024x683.jpg 1024w, https:\/\/huszartphoto.hu\/wp-content\/uploads\/2022\/02\/DSC05682-768x512.jpg 768w, https:\/\/huszartphoto.hu\/wp-content\/uploads\/2022\/02\/DSC05682-1536x1024.jpg 1536w\" sizes=\"(max-width: 2048px) 100vw, 2048px\" \/><\/a>\n\t\t\t<\/div><\/figure>\n\t\t<\/div>\n\t\t<\/div>\n\t\t\t\t\t\t<\/div>\n\t\t\t\t<\/div>\n\t\t\t\t\t<\/div>\n\t\t<\/div>\n\t\t\t\t\t<\/div>\n\t\t<\/section>\n\t\t\t\t<\/div>\n\t\t","protected":false},"excerpt":{"rendered":"","protected":false},"author":1,"featured_media":0,"parent":0,"menu_order":0,"comment_status":"closed","ping_status":"closed","template":"","meta":{"om_disable_all_campaigns":false,"_monsterinsights_skip_tracking":false,"_monsterinsights_sitenote_active":false,"_monsterinsights_sitenote_note":"","_monsterinsights_sitenote_category":0,"footnotes":""},"class_list":["post-383","page","type-page","status-publish","hentry"],"aioseo_notices":[],"jetpack_sharing_enabled":true,"_links":{"self":[{"href":"https:\/\/huszartphoto.hu\/index.php\/wp-json\/wp\/v2\/pages\/383","targetHints":{"allow":["GET"]}}],"collection":[{"href":"https:\/\/huszartphoto.hu\/index.php\/wp-json\/wp\/v2\/pages"}],"about":[{"href":"https:\/\/huszartphoto.hu\/index.php\/wp-json\/wp\/v2\/types\/page"}],"author":[{"embeddable":true,"href":"https:\/\/huszartphoto.hu\/index.php\/wp-json\/wp\/v2\/users\/1"}],"replies":[{"embeddable":true,"href":"https:\/\/huszartphoto.hu\/index.php\/wp-json\/wp\/v2\/comments?post=383"}],"version-history":[{"count":13,"href":"https:\/\/huszartphoto.hu\/index.php\/wp-json\/wp\/v2\/pages\/383\/revisions"}],"predecessor-version":[{"id":477,"href":"https:\/\/huszartphoto.hu\/index.php\/wp-json\/wp\/v2\/pages\/383\/revisions\/477"}],"wp:attachment":[{"href":"https:\/\/huszartphoto.hu\/index.php\/wp-json\/wp\/v2\/media?parent=383"}],"curies":[{"name":"wp","href":"https:\/\/api.w.org\/{rel}","templated":true}]}}